{"id":49,"date":"2025-04-10T13:18:20","date_gmt":"2025-04-10T11:18:20","guid":{"rendered":"https:\/\/chaptersandchaos.de\/?page_id=49"},"modified":"2025-04-10T14:45:31","modified_gmt":"2025-04-10T12:45:31","slug":"book-review","status":"publish","type":"page","link":"https:\/\/chaptersandchaos.de\/?page_id=49","title":{"rendered":"Book Review"},"content":{"rendered":"\n<div class=\"wp-block-query is-layout-flow wp-block-query-is-layout-flow\"><ul class=\"wp-block-post-template is-layout-flow wp-block-post-template-is-layout-flow\"><li class=\"wp-block-post post-417 post type-post status-publish format-standard has-post-thumbnail hentry category-fantasy category-romantasy\">\n\n<div class=\"wp-block-columns alignwide is-layout-flex wp-container-core-columns-is-layout-28f84493 wp-block-columns-is-layout-flex\">\n<div class=\"wp-block-column is-layout-flow wp-block-column-is-layout-flow\" style=\"flex-basis:66.66%\">\n<div class=\"wp-block-group\"><div class=\"wp-block-group__inner-container is-layout-constrained wp-block-group-is-layout-constrained\"><figure class=\"wp-block-post-featured-image\"><a href=\"https:\/\/chaptersandchaos.de\/?p=417\" target=\"_self\"  ><img loading=\"lazy\" decoding=\"async\" width=\"2560\" height=\"1920\" src=\"https:\/\/chaptersandchaos.de\/wp-content\/uploads\/2025\/12\/4b29bf3e-684d-4441-a375-81949dba0cc6-scaled.jpg\" class=\"attachment-post-thumbnail size-post-thumbnail wp-post-image\" alt=\"Kingdom of &#8211; Reihe von Becca S. Hale\" style=\"object-fit:cover;\" srcset=\"https:\/\/chaptersandchaos.de\/wp-content\/uploads\/2025\/12\/4b29bf3e-684d-4441-a375-81949dba0cc6-scaled.jpg 2560w, https:\/\/chaptersandchaos.de\/wp-content\/uploads\/2025\/12\/4b29bf3e-684d-4441-a375-81949dba0cc6-300x225.jpg 300w, https:\/\/chaptersandchaos.de\/wp-content\/uploads\/2025\/12\/4b29bf3e-684d-4441-a375-81949dba0cc6-1024x768.jpg 1024w, https:\/\/chaptersandchaos.de\/wp-content\/uploads\/2025\/12\/4b29bf3e-684d-4441-a375-81949dba0cc6-768x576.jpg 768w, https:\/\/chaptersandchaos.de\/wp-content\/uploads\/2025\/12\/4b29bf3e-684d-4441-a375-81949dba0cc6-1536x1152.jpg 1536w, https:\/\/chaptersandchaos.de\/wp-content\/uploads\/2025\/12\/4b29bf3e-684d-4441-a375-81949dba0cc6-2048x1536.jpg 2048w\" sizes=\"auto, (max-width: 2560px) 100vw, 2560px\" \/><\/a><\/figure><\/div><\/div>\n<\/div>\n\n\n\n<div class=\"wp-block-column is-layout-flow wp-block-column-is-layout-flow\" style=\"flex-basis:33.33%\"><h2 class=\"wp-block-post-title\"><a href=\"https:\/\/chaptersandchaos.de\/?p=417\" target=\"_self\" >Kingdom of &#8211; Reihe von Becca S. Hale<\/a><\/h2>\n\n<div class=\"wp-block-post-excerpt\"><p class=\"wp-block-post-excerpt__excerpt\">Kingdom of Light \/ Kingdom of Shadow \/ Kingdom of Dawn Mein erster Gedanke beim Lesen von Kingdom of Light war: Das ist das perfekte Einsteigerbuch f\u00fcr Fantasy-Neulinge. Die Welt ist leicht verst\u00e4ndlich aufgebaut: ein klar strukturierter Kontinent, einfache politische Ausrichtungen der Reiche, ein unkompliziertes Magiesystem. Im Mittelpunkt stehen zwei [&hellip;] <\/p><\/div>\n\n\n<p><\/p>\n<\/div>\n<\/div>\n\n<\/li><li class=\"wp-block-post post-408 post type-post status-publish format-standard has-post-thumbnail hentry category-fairy-tales category-fantasy category-retelling category-romantasy\">\n\n<div class=\"wp-block-columns alignwide is-layout-flex wp-container-core-columns-is-layout-28f84493 wp-block-columns-is-layout-flex\">\n<div class=\"wp-block-column is-layout-flow wp-block-column-is-layout-flow\" style=\"flex-basis:66.66%\">\n<div class=\"wp-block-group\"><div class=\"wp-block-group__inner-container is-layout-constrained wp-block-group-is-layout-constrained\"><figure class=\"wp-block-post-featured-image\"><a href=\"https:\/\/chaptersandchaos.de\/?p=408\" target=\"_self\"  ><img loading=\"lazy\" decoding=\"async\" width=\"1600\" height=\"1200\" src=\"https:\/\/chaptersandchaos.de\/wp-content\/uploads\/2025\/11\/PHOTO-2025-11-08-12-39-00.jpg\" class=\"attachment-post-thumbnail size-post-thumbnail wp-post-image\" alt=\"Ever &amp; After Reihe von Stella Tack\" style=\"object-fit:cover;\" srcset=\"https:\/\/chaptersandchaos.de\/wp-content\/uploads\/2025\/11\/PHOTO-2025-11-08-12-39-00.jpg 1600w, https:\/\/chaptersandchaos.de\/wp-content\/uploads\/2025\/11\/PHOTO-2025-11-08-12-39-00-300x225.jpg 300w, https:\/\/chaptersandchaos.de\/wp-content\/uploads\/2025\/11\/PHOTO-2025-11-08-12-39-00-1024x768.jpg 1024w, https:\/\/chaptersandchaos.de\/wp-content\/uploads\/2025\/11\/PHOTO-2025-11-08-12-39-00-768x576.jpg 768w, https:\/\/chaptersandchaos.de\/wp-content\/uploads\/2025\/11\/PHOTO-2025-11-08-12-39-00-1536x1152.jpg 1536w\" sizes=\"auto, (max-width: 1600px) 100vw, 1600px\" \/><\/a><\/figure><\/div><\/div>\n<\/div>\n\n\n\n<div class=\"wp-block-column is-layout-flow wp-block-column-is-layout-flow\" style=\"flex-basis:33.33%\"><h2 class=\"wp-block-post-title\"><a href=\"https:\/\/chaptersandchaos.de\/?p=408\" target=\"_self\" >Ever &amp; After Reihe von Stella Tack<\/a><\/h2>\n\n<div class=\"wp-block-post-excerpt\"><p class=\"wp-block-post-excerpt__excerpt\">Eigentlich habe ich Ever &amp; After \u2013 Der schlafende Prinz gar nicht selbst entdeckt. Mein Mann hat mir das Buch geschenkt \u2013 und was soll ich sagen? Nach der H\u00e4lfte war ich so gefesselt, dass ich sofort Band 2 bestellt habe. Als im Oktober schlie\u00dflich der dritte Teil erschien, stand [&hellip;] <\/p><\/div>\n\n\n<p><\/p>\n<\/div>\n<\/div>\n\n<\/li><li class=\"wp-block-post post-402 post type-post status-publish format-standard has-post-thumbnail hentry category-fantasy\">\n\n<div class=\"wp-block-columns alignwide is-layout-flex wp-container-core-columns-is-layout-28f84493 wp-block-columns-is-layout-flex\">\n<div class=\"wp-block-column is-layout-flow wp-block-column-is-layout-flow\" style=\"flex-basis:66.66%\">\n<div class=\"wp-block-group\"><div class=\"wp-block-group__inner-container is-layout-constrained wp-block-group-is-layout-constrained\"><figure class=\"wp-block-post-featured-image\"><a href=\"https:\/\/chaptersandchaos.de\/?p=402\" target=\"_self\"  ><img loading=\"lazy\" decoding=\"async\" width=\"324\" height=\"156\" src=\"https:\/\/chaptersandchaos.de\/wp-content\/uploads\/2025\/10\/Herunterladen-11.jpg\" class=\"attachment-post-thumbnail size-post-thumbnail wp-post-image\" alt=\"Caraval-Reihe von Stephanie Garber\" style=\"object-fit:cover;\" srcset=\"https:\/\/chaptersandchaos.de\/wp-content\/uploads\/2025\/10\/Herunterladen-11.jpg 324w, https:\/\/chaptersandchaos.de\/wp-content\/uploads\/2025\/10\/Herunterladen-11-300x144.jpg 300w\" sizes=\"auto, (max-width: 324px) 100vw, 324px\" \/><\/a><\/figure><\/div><\/div>\n<\/div>\n\n\n\n<div class=\"wp-block-column is-layout-flow wp-block-column-is-layout-flow\" style=\"flex-basis:33.33%\"><h2 class=\"wp-block-post-title\"><a href=\"https:\/\/chaptersandchaos.de\/?p=402\" target=\"_self\" >Caraval-Reihe von Stephanie Garber<\/a><\/h2>\n\n<div class=\"wp-block-post-excerpt\"><p class=\"wp-block-post-excerpt__excerpt\">Caraval:Es war einmal eine Lese-Ratte, die mit der Erwartung einer m\u00e4rchenhaften seichten Geschichte an dieses Buch herangegangen ist. Entt\u00e4uscht wurde ich zun\u00e4chst nicht, aber die Geschichte entwickelte sich doch deutlicher d\u00fcsterer und fesselnder als ich erwartet hatte.Caraval ist ein magisches Spiel, dass jedes Jahr vom mysteri\u00f6sen Spielmacher Legend durchgef\u00fchrt wird. [&hellip;] <\/p><\/div>\n\n\n<p><\/p>\n<\/div>\n<\/div>\n\n<\/li><\/ul><\/div>\n\n\n\n<p><\/p>\n","protected":false},"excerpt":{"rendered":"","protected":false},"author":1,"featured_media":0,"parent":0,"menu_order":0,"comment_status":"closed","ping_status":"closed","template":"","meta":{"footnotes":""},"class_list":["post-49","page","type-page","status-publish","hentry"],"_links":{"self":[{"href":"https:\/\/chaptersandchaos.de\/index.php?rest_route=\/wp\/v2\/pages\/49","targetHints":{"allow":["GET"]}}],"collection":[{"href":"https:\/\/chaptersandchaos.de\/index.php?rest_route=\/wp\/v2\/pages"}],"about":[{"href":"https:\/\/chaptersandchaos.de\/index.php?rest_route=\/wp\/v2\/types\/page"}],"author":[{"embeddable":true,"href":"https:\/\/chaptersandchaos.de\/index.php?rest_route=\/wp\/v2\/users\/1"}],"replies":[{"embeddable":true,"href":"https:\/\/chaptersandchaos.de\/index.php?rest_route=%2Fwp%2Fv2%2Fcomments&post=49"}],"version-history":[{"count":14,"href":"https:\/\/chaptersandchaos.de\/index.php?rest_route=\/wp\/v2\/pages\/49\/revisions"}],"predecessor-version":[{"id":125,"href":"https:\/\/chaptersandchaos.de\/index.php?rest_route=\/wp\/v2\/pages\/49\/revisions\/125"}],"wp:attachment":[{"href":"https:\/\/chaptersandchaos.de\/index.php?rest_route=%2Fwp%2Fv2%2Fmedia&parent=49"}],"curies":[{"name":"wp","href":"https:\/\/api.w.org\/{rel}","templated":true}]}}